{"id":32235,"date":"2025-06-22T13:17:46","date_gmt":"2025-06-22T13:17:46","guid":{"rendered":"https:\/\/magical-shamir.193-142-157-197.plesk.page\/checkout\/"},"modified":"2026-01-07T15:22:55","modified_gmt":"2026-01-07T15:22:55","slug":"kasse","status":"publish","type":"page","link":"https:\/\/magical-shamir.193-142-157-197.plesk.page\/de\/kasse\/","title":{"rendered":"Kasse"},"content":{"rendered":"\t\t<div data-elementor-type=\"wp-page\" data-elementor-id=\"32235\" class=\"elementor elementor-32235 elementor-6891\" data-elementor-post-type=\"page\">\n\t\t\t\t<div data-particle_enable=\"false\" data-particle-mobile-disabled=\"false\" class=\"elementor-element elementor-element-1ca4eb0e checkout-neura e-flex e-con-boxed e-con e-parent\" data-id=\"1ca4eb0e\" data-element_type=\"container\" data-e-type=\"container\">\n\t\t\t\t\t<div class=\"e-con-inner\">\n\t\t\t\t<div class=\"elementor-element elementor-element-f16b7d1 elementor-widget elementor-widget-text-editor\" data-id=\"f16b7d1\" data-element_type=\"widget\" data-e-type=\"widget\" data-widget_type=\"text-editor.default\">\n\t\t\t\t<div class=\"elementor-widget-container\">\n\t\t\t\t\t\t\t\t\t<p><span data-teams=\"true\"><a href=\"https:\/\/neurarobotics.px.media\/plk\/ck\/NEURA_Right_of_Withdrawal_EN.pdf\">Right of Withdrawal (English); <\/a><\/span><a href=\"https:\/\/neurarobotics.px.media\/plk\/so\/NEURA_Widerrufsbelehrung_DE.pdf\">Widerrufsbelehrung (Deutsch)<\/a><\/p><p>\u00a0<\/p><p>Heute zahlen Sie nur eine vollst\u00e4ndig r\u00fcckerstattbare Reservierungsgeb\u00fchr von 100 \u20ac pro Produkt\/Einheit. Durch die Zahlung der Reservierungsgeb\u00fchr sichern Sie sich eine vorrangige Position in der Lieferwarteschlange f\u00fcr das\/die von Ihnen ausgew\u00e4hlte(n) Produkt(e). Wenn Sie sich f\u00fcr eine Bestellung entscheiden, wird Ihre gezahlte Reservierungsgeb\u00fchr vollst\u00e4ndig auf den Gesamtpreis Ihrer verbindlichen Bestellung angerechnet. Die Bestellung unterliegt den zu diesem Zeitpunkt geltenden Allgemeinen Gesch\u00e4ftsbedingungen von NEURA Robotics. NEURA Robotics beh\u00e4lt sich das Recht vor, Reservierungen jederzeit nach eigenem Ermessen zu stornieren. In diesem Fall wird Ihnen Ihre Reservierungsgeb\u00fchr vollst\u00e4ndig und unverz\u00fcglich zur\u00fcckerstattet. Nach der R\u00fcckerstattung haben Sie keine weiteren Anspr\u00fcche aus der Reservierung, einschlie\u00dflich, aber nicht beschr\u00e4nkt auf Lieferanspr\u00fcche, Schadensersatz oder Kostenerstattung.<\/p>\t\t\t\t\t\t\t\t<\/div>\n\t\t\t\t<\/div>\n\t\t\t\t<div class=\"elementor-element elementor-element-2118ad6a elementor-widget elementor-widget-text-editor\" data-id=\"2118ad6a\" data-element_type=\"widget\" data-e-type=\"widget\" data-widget_type=\"text-editor.default\">\n\t\t\t\t<div class=\"elementor-widget-container\">\n\t\t\t\t\t\t\t\t\t<div class=\"woocommerce\"><div class=\"woocommerce-notices-wrapper\"><\/div><\/div>\t\t\t\t\t\t\t\t<\/div>\n\t\t\t\t<\/div>\n\t\t\t\t\t<\/div>\n\t\t\t\t<\/div>\n\t\t\t\t<\/div>\n\t\t","protected":false},"excerpt":{"rendered":"<p>Right of Withdrawal (English); Widerrufsbelehrung (Deutsch) \u00a0 Heute zahlen Sie nur eine vollst\u00e4ndig r\u00fcckerstattbare Reservierungsgeb\u00fchr von 100 \u20ac pro Produkt\/Einheit. [&hellip;]<\/p>\n","protected":false},"author":1,"featured_media":0,"parent":0,"menu_order":0,"comment_status":"closed","ping_status":"closed","template":"","meta":{"_acf_changed":false,"site-sidebar-layout":"default","site-content-layout":"","ast-site-content-layout":"default","site-content-style":"default","site-sidebar-style":"default","ast-global-header-display":"","ast-banner-title-visibility":"","ast-main-header-display":"","ast-hfb-above-header-display":"","ast-hfb-below-header-display":"","ast-hfb-mobile-header-display":"","site-post-title":"","ast-breadcrumbs-content":"","ast-featured-img":"","footer-sml-layout":"","ast-disable-related-posts":"","theme-transparent-header-meta":"","adv-header-id-meta":"","stick-header-meta":"","header-above-stick-meta":"","header-main-stick-meta":"","header-below-stick-meta":"","astra-migrate-meta-layouts":"default","ast-page-background-enabled":"default","ast-page-background-meta":{"desktop":{"background-color":"var(--ast-global-color-5)","background-image":"","background-repeat":"repeat","background-position":"center center","background-size":"auto","background-attachment":"scroll","background-type":"","background-media":"","overlay-type":"","overlay-color":"","overlay-opacity":"","overlay-gradient":""},"tablet":{"background-color":"","background-image":"","background-repeat":"repeat","background-position":"center center","background-size":"auto","background-attachment":"scroll","background-type":"","background-media":"","overlay-type":"","overlay-color":"","overlay-opacity":"","overlay-gradient":""},"mobile":{"background-color":"","background-image":"","background-repeat":"repeat","background-position":"center center","background-size":"auto","background-attachment":"scroll","background-type":"","background-media":"","overlay-type":"","overlay-color":"","overlay-opacity":"","overlay-gradient":""}},"ast-content-background-meta":{"desktop":{"background-color":"var(--ast-global-color-4)","background-image":"","background-repeat":"repeat","background-position":"center center","background-size":"auto","background-attachment":"scroll","background-type":"","background-media":"","overlay-type":"","overlay-color":"","overlay-opacity":"","overlay-gradient":""},"tablet":{"background-color":"var(--ast-global-color-4)","background-image":"","background-repeat":"repeat","background-position":"center center","background-size":"auto","background-attachment":"scroll","background-type":"","background-media":"","overlay-type":"","overlay-color":"","overlay-opacity":"","overlay-gradient":""},"mobile":{"background-color":"var(--ast-global-color-4)","background-image":"","background-repeat":"repeat","background-position":"center center","background-size":"auto","background-attachment":"scroll","background-type":"","background-media":"","overlay-type":"","overlay-color":"","overlay-opacity":"","overlay-gradient":""}},"footnotes":""},"class_list":["post-32235","page","type-page","status-publish","hentry"],"acf":[],"yoast_head":"<!-- This site is optimized with the Yoast SEO plugin v27.1.1 - https:\/\/yoast.com\/product\/yoast-seo-wordpress\/ -->\n<title>Kasse | NEURA Robotics<\/title>\n<meta name=\"description\" content=\"Zur Kasse gehen und Reservierung jetzt abschlie\u00dfen | NEURA Robotics\" \/>\n<meta name=\"robots\" content=\"index, follow, max-snippet:-1, max-image-preview:large, max-video-preview:-1\" \/>\n<link rel=\"canonical\" href=\"https:\/\/magical-shamir.193-142-157-197.plesk.page\/checkout\/\" \/>\n<meta property=\"og:locale\" content=\"de_DE\" \/>\n<meta property=\"og:type\" content=\"article\" \/>\n<meta property=\"og:title\" content=\"Kasse | NEURA Robotics\" \/>\n<meta property=\"og:description\" content=\"Zur Kasse gehen und Reservierung jetzt abschlie\u00dfen | NEURA Robotics\" \/>\n<meta property=\"og:url\" content=\"https:\/\/magical-shamir.193-142-157-197.plesk.page\/checkout\/\" \/>\n<meta property=\"og:site_name\" content=\"Neura Robotics\" \/>\n<meta property=\"article:modified_time\" content=\"2026-01-07T15:22:55+00:00\" \/>\n<meta name=\"twitter:card\" content=\"summary_large_image\" \/>\n<meta name=\"twitter:label1\" content=\"Gesch\u00e4tzte Lesezeit\" \/>\n\t<meta name=\"twitter:data1\" content=\"3\u00a0Minuten\" \/>\n<script type=\"application\/ld+json\" class=\"yoast-schema-graph\">{\"@context\":\"https:\/\/schema.org\",\"@graph\":[{\"@type\":\"WebPage\",\"@id\":\"https:\/\/magical-shamir.193-142-157-197.plesk.page\/checkout\/\",\"url\":\"https:\/\/magical-shamir.193-142-157-197.plesk.page\/checkout\/\",\"name\":\"Kasse | NEURA Robotics\",\"isPartOf\":{\"@id\":\"https:\/\/magical-shamir.193-142-157-197.plesk.page\/#website\"},\"datePublished\":\"2025-06-22T13:17:46+00:00\",\"dateModified\":\"2026-01-07T15:22:55+00:00\",\"description\":\"Zur Kasse gehen und Reservierung jetzt abschlie\u00dfen | NEURA Robotics\",\"breadcrumb\":{\"@id\":\"https:\/\/magical-shamir.193-142-157-197.plesk.page\/checkout\/#breadcrumb\"},\"inLanguage\":\"de\",\"potentialAction\":[{\"@type\":\"ReadAction\",\"target\":[\"https:\/\/magical-shamir.193-142-157-197.plesk.page\/checkout\/\"]}]},{\"@type\":\"BreadcrumbList\",\"@id\":\"https:\/\/magical-shamir.193-142-157-197.plesk.page\/checkout\/#breadcrumb\",\"itemListElement\":[{\"@type\":\"ListItem\",\"position\":1,\"name\":\"Home\",\"item\":\"https:\/\/magical-shamir.193-142-157-197.plesk.page\/\"},{\"@type\":\"ListItem\",\"position\":2,\"name\":\"Kasse\"}]},{\"@type\":\"WebSite\",\"@id\":\"https:\/\/magical-shamir.193-142-157-197.plesk.page\/#website\",\"url\":\"https:\/\/magical-shamir.193-142-157-197.plesk.page\/\",\"name\":\"Neura Robotics\",\"description\":\"\",\"publisher\":{\"@id\":\"https:\/\/magical-shamir.193-142-157-197.plesk.page\/#organization\"},\"potentialAction\":[{\"@type\":\"SearchAction\",\"target\":{\"@type\":\"EntryPoint\",\"urlTemplate\":\"https:\/\/magical-shamir.193-142-157-197.plesk.page\/?s={search_term_string}\"},\"query-input\":{\"@type\":\"PropertyValueSpecification\",\"valueRequired\":true,\"valueName\":\"search_term_string\"}}],\"inLanguage\":\"de\"},{\"@type\":\"Organization\",\"@id\":\"https:\/\/magical-shamir.193-142-157-197.plesk.page\/#organization\",\"name\":\"Neura Robotics\",\"url\":\"https:\/\/magical-shamir.193-142-157-197.plesk.page\/\",\"logo\":{\"@type\":\"ImageObject\",\"inLanguage\":\"de\",\"@id\":\"https:\/\/magical-shamir.193-142-157-197.plesk.page\/#\/schema\/logo\/image\/\",\"url\":\"https:\/\/magical-shamir.193-142-157-197.plesk.page\/wp-content\/uploads\/2025\/05\/neura_logo_white.svg\",\"contentUrl\":\"https:\/\/magical-shamir.193-142-157-197.plesk.page\/wp-content\/uploads\/2025\/05\/neura_logo_white.svg\",\"width\":184,\"height\":22,\"caption\":\"Neura Robotics\"},\"image\":{\"@id\":\"https:\/\/magical-shamir.193-142-157-197.plesk.page\/#\/schema\/logo\/image\/\"}}]}<\/script>\n<!-- \/ Yoast SEO plugin. -->","yoast_head_json":{"title":"Kasse | NEURA Robotics","description":"Zur Kasse gehen und Reservierung jetzt abschlie\u00dfen | NEURA Robotics","robots":{"index":"index","follow":"follow","max-snippet":"max-snippet:-1","max-image-preview":"max-image-preview:large","max-video-preview":"max-video-preview:-1"},"canonical":"https:\/\/magical-shamir.193-142-157-197.plesk.page\/checkout\/","og_locale":"de_DE","og_type":"article","og_title":"Kasse | NEURA Robotics","og_description":"Zur Kasse gehen und Reservierung jetzt abschlie\u00dfen | NEURA Robotics","og_url":"https:\/\/magical-shamir.193-142-157-197.plesk.page\/checkout\/","og_site_name":"Neura Robotics","article_modified_time":"2026-01-07T15:22:55+00:00","twitter_card":"summary_large_image","twitter_misc":{"Gesch\u00e4tzte Lesezeit":"3\u00a0Minuten"},"schema":{"@context":"https:\/\/schema.org","@graph":[{"@type":"WebPage","@id":"https:\/\/magical-shamir.193-142-157-197.plesk.page\/checkout\/","url":"https:\/\/magical-shamir.193-142-157-197.plesk.page\/checkout\/","name":"Kasse | NEURA Robotics","isPartOf":{"@id":"https:\/\/magical-shamir.193-142-157-197.plesk.page\/#website"},"datePublished":"2025-06-22T13:17:46+00:00","dateModified":"2026-01-07T15:22:55+00:00","description":"Zur Kasse gehen und Reservierung jetzt abschlie\u00dfen | NEURA Robotics","breadcrumb":{"@id":"https:\/\/magical-shamir.193-142-157-197.plesk.page\/checkout\/#breadcrumb"},"inLanguage":"de","potentialAction":[{"@type":"ReadAction","target":["https:\/\/magical-shamir.193-142-157-197.plesk.page\/checkout\/"]}]},{"@type":"BreadcrumbList","@id":"https:\/\/magical-shamir.193-142-157-197.plesk.page\/checkout\/#breadcrumb","itemListElement":[{"@type":"ListItem","position":1,"name":"Home","item":"https:\/\/magical-shamir.193-142-157-197.plesk.page\/"},{"@type":"ListItem","position":2,"name":"Kasse"}]},{"@type":"WebSite","@id":"https:\/\/magical-shamir.193-142-157-197.plesk.page\/#website","url":"https:\/\/magical-shamir.193-142-157-197.plesk.page\/","name":"Neura Robotics","description":"","publisher":{"@id":"https:\/\/magical-shamir.193-142-157-197.plesk.page\/#organization"},"potentialAction":[{"@type":"SearchAction","target":{"@type":"EntryPoint","urlTemplate":"https:\/\/magical-shamir.193-142-157-197.plesk.page\/?s={search_term_string}"},"query-input":{"@type":"PropertyValueSpecification","valueRequired":true,"valueName":"search_term_string"}}],"inLanguage":"de"},{"@type":"Organization","@id":"https:\/\/magical-shamir.193-142-157-197.plesk.page\/#organization","name":"Neura Robotics","url":"https:\/\/magical-shamir.193-142-157-197.plesk.page\/","logo":{"@type":"ImageObject","inLanguage":"de","@id":"https:\/\/magical-shamir.193-142-157-197.plesk.page\/#\/schema\/logo\/image\/","url":"https:\/\/magical-shamir.193-142-157-197.plesk.page\/wp-content\/uploads\/2025\/05\/neura_logo_white.svg","contentUrl":"https:\/\/magical-shamir.193-142-157-197.plesk.page\/wp-content\/uploads\/2025\/05\/neura_logo_white.svg","width":184,"height":22,"caption":"Neura Robotics"},"image":{"@id":"https:\/\/magical-shamir.193-142-157-197.plesk.page\/#\/schema\/logo\/image\/"}}]}},"_links":{"self":[{"href":"https:\/\/magical-shamir.193-142-157-197.plesk.page\/de\/wp-json\/wp\/v2\/pages\/32235","targetHints":{"allow":["GET"]}}],"collection":[{"href":"https:\/\/magical-shamir.193-142-157-197.plesk.page\/de\/wp-json\/wp\/v2\/pages"}],"about":[{"href":"https:\/\/magical-shamir.193-142-157-197.plesk.page\/de\/wp-json\/wp\/v2\/types\/page"}],"author":[{"embeddable":true,"href":"https:\/\/magical-shamir.193-142-157-197.plesk.page\/de\/wp-json\/wp\/v2\/users\/1"}],"replies":[{"embeddable":true,"href":"https:\/\/magical-shamir.193-142-157-197.plesk.page\/de\/wp-json\/wp\/v2\/comments?post=32235"}],"version-history":[{"count":9,"href":"https:\/\/magical-shamir.193-142-157-197.plesk.page\/de\/wp-json\/wp\/v2\/pages\/32235\/revisions"}],"predecessor-version":[{"id":36142,"href":"https:\/\/magical-shamir.193-142-157-197.plesk.page\/de\/wp-json\/wp\/v2\/pages\/32235\/revisions\/36142"}],"wp:attachment":[{"href":"https:\/\/magical-shamir.193-142-157-197.plesk.page\/de\/wp-json\/wp\/v2\/media?parent=32235"}],"curies":[{"name":"wp","href":"https:\/\/api.w.org\/{rel}","templated":true}]}}